{"id":358,"date":"2020-02-06T16:57:31","date_gmt":"2020-02-06T15:57:31","guid":{"rendered":"https:\/\/www.basketlona.com\/organizacion-torneos-basket\/"},"modified":"2020-03-16T10:43:28","modified_gmt":"2020-03-16T09:43:28","slug":"organitzacio-tornejos-basket","status":"publish","type":"page","link":"https:\/\/www.basketlona.com\/ca\/organitzacio-tornejos-basket\/","title":{"rendered":"Tornejos"},"content":{"rendered":"","protected":false},"excerpt":{"rendered":"","protected":false},"author":1,"featured_media":0,"parent":0,"menu_order":0,"comment_status":"closed","ping_status":"closed","template":"","meta":{"footnotes":""},"class_list":["post-358","page","type-page","status-publish","hentry"],"yoast_head":"<!-- This site is optimized with the Yoast SEO plugin v27.5 - https:\/\/yoast.com\/product\/yoast-seo-wordpress\/ -->\n<title>Confieu en BASKETLONA per a l&#039;organitzaci\u00f3 el vostre torneig de basket<\/title>\n<meta name=\"description\" content=\"Ens ocupem de l&#039;organitzaci\u00f3 de tornejos de basket on es barregen turisme i competici\u00f3 | BASKETLONA Enjoy &amp; Play\" \/>\n<meta name=\"robots\" content=\"index, follow, max-snippet:-1, max-image-preview:large, max-video-preview:-1\" \/>\n<link rel=\"canonical\" href=\"https:\/\/www.basketlona.com\/ca\/organitzacio-tornejos-basket\/\" \/>\n<meta property=\"og:locale\" content=\"ca_ES\" \/>\n<meta property=\"og:type\" content=\"article\" \/>\n<meta property=\"og:title\" content=\"Confieu en BASKETLONA per a l&#039;organitzaci\u00f3 el vostre torneig de basket\" \/>\n<meta property=\"og:description\" content=\"Ens ocupem de l&#039;organitzaci\u00f3 de tornejos de basket on es barregen turisme i competici\u00f3 | BASKETLONA Enjoy &amp; Play\" \/>\n<meta property=\"og:url\" content=\"https:\/\/www.basketlona.com\/ca\/organitzacio-tornejos-basket\/\" \/>\n<meta property=\"og:site_name\" content=\"BASKETLONA\" \/>\n<meta property=\"article:modified_time\" content=\"2020-03-16T09:43:28+00:00\" \/>\n<meta name=\"twitter:card\" content=\"summary_large_image\" \/>\n<script type=\"application\/ld+json\" class=\"yoast-schema-graph\">{\"@context\":\"https:\\\/\\\/schema.org\",\"@graph\":[{\"@type\":\"WebPage\",\"@id\":\"https:\\\/\\\/www.basketlona.com\\\/ca\\\/organitzacio-tornejos-basket\\\/\",\"url\":\"https:\\\/\\\/www.basketlona.com\\\/ca\\\/organitzacio-tornejos-basket\\\/\",\"name\":\"Confieu en BASKETLONA per a l'organitzaci\u00f3 el vostre torneig de basket\",\"isPartOf\":{\"@id\":\"https:\\\/\\\/www.basketlona.com\\\/#website\"},\"datePublished\":\"2020-02-06T15:57:31+00:00\",\"dateModified\":\"2020-03-16T09:43:28+00:00\",\"description\":\"Ens ocupem de l'organitzaci\u00f3 de tornejos de basket on es barregen turisme i competici\u00f3 | BASKETLONA Enjoy & Play\",\"breadcrumb\":{\"@id\":\"https:\\\/\\\/www.basketlona.com\\\/ca\\\/organitzacio-tornejos-basket\\\/#breadcrumb\"},\"inLanguage\":\"ca\",\"potentialAction\":[{\"@type\":\"ReadAction\",\"target\":[\"https:\\\/\\\/www.basketlona.com\\\/ca\\\/organitzacio-tornejos-basket\\\/\"]}]},{\"@type\":\"BreadcrumbList\",\"@id\":\"https:\\\/\\\/www.basketlona.com\\\/ca\\\/organitzacio-tornejos-basket\\\/#breadcrumb\",\"itemListElement\":[{\"@type\":\"ListItem\",\"position\":1,\"name\":\"Portada\",\"item\":\"https:\\\/\\\/www.basketlona.com\\\/ca\\\/\"},{\"@type\":\"ListItem\",\"position\":2,\"name\":\"Tornejos\"}]},{\"@type\":\"WebSite\",\"@id\":\"https:\\\/\\\/www.basketlona.com\\\/#website\",\"url\":\"https:\\\/\\\/www.basketlona.com\\\/\",\"name\":\"BASKETLONA\",\"description\":\"Enjoy &amp; Play\",\"potentialAction\":[{\"@type\":\"SearchAction\",\"target\":{\"@type\":\"EntryPoint\",\"urlTemplate\":\"https:\\\/\\\/www.basketlona.com\\\/?s={search_term_string}\"},\"query-input\":{\"@type\":\"PropertyValueSpecification\",\"valueRequired\":true,\"valueName\":\"search_term_string\"}}],\"inLanguage\":\"ca\"}]}<\/script>\n<!-- \/ Yoast SEO plugin. -->","yoast_head_json":{"title":"Confieu en BASKETLONA per a l'organitzaci\u00f3 el vostre torneig de basket","description":"Ens ocupem de l'organitzaci\u00f3 de tornejos de basket on es barregen turisme i competici\u00f3 | BASKETLONA Enjoy & Play","robots":{"index":"index","follow":"follow","max-snippet":"max-snippet:-1","max-image-preview":"max-image-preview:large","max-video-preview":"max-video-preview:-1"},"canonical":"https:\/\/www.basketlona.com\/ca\/organitzacio-tornejos-basket\/","og_locale":"ca_ES","og_type":"article","og_title":"Confieu en BASKETLONA per a l'organitzaci\u00f3 el vostre torneig de basket","og_description":"Ens ocupem de l'organitzaci\u00f3 de tornejos de basket on es barregen turisme i competici\u00f3 | BASKETLONA Enjoy & Play","og_url":"https:\/\/www.basketlona.com\/ca\/organitzacio-tornejos-basket\/","og_site_name":"BASKETLONA","article_modified_time":"2020-03-16T09:43:28+00:00","twitter_card":"summary_large_image","schema":{"@context":"https:\/\/schema.org","@graph":[{"@type":"WebPage","@id":"https:\/\/www.basketlona.com\/ca\/organitzacio-tornejos-basket\/","url":"https:\/\/www.basketlona.com\/ca\/organitzacio-tornejos-basket\/","name":"Confieu en BASKETLONA per a l'organitzaci\u00f3 el vostre torneig de basket","isPartOf":{"@id":"https:\/\/www.basketlona.com\/#website"},"datePublished":"2020-02-06T15:57:31+00:00","dateModified":"2020-03-16T09:43:28+00:00","description":"Ens ocupem de l'organitzaci\u00f3 de tornejos de basket on es barregen turisme i competici\u00f3 | BASKETLONA Enjoy & Play","breadcrumb":{"@id":"https:\/\/www.basketlona.com\/ca\/organitzacio-tornejos-basket\/#breadcrumb"},"inLanguage":"ca","potentialAction":[{"@type":"ReadAction","target":["https:\/\/www.basketlona.com\/ca\/organitzacio-tornejos-basket\/"]}]},{"@type":"BreadcrumbList","@id":"https:\/\/www.basketlona.com\/ca\/organitzacio-tornejos-basket\/#breadcrumb","itemListElement":[{"@type":"ListItem","position":1,"name":"Portada","item":"https:\/\/www.basketlona.com\/ca\/"},{"@type":"ListItem","position":2,"name":"Tornejos"}]},{"@type":"WebSite","@id":"https:\/\/www.basketlona.com\/#website","url":"https:\/\/www.basketlona.com\/","name":"BASKETLONA","description":"Enjoy &amp; Play","potentialAction":[{"@type":"SearchAction","target":{"@type":"EntryPoint","urlTemplate":"https:\/\/www.basketlona.com\/?s={search_term_string}"},"query-input":{"@type":"PropertyValueSpecification","valueRequired":true,"valueName":"search_term_string"}}],"inLanguage":"ca"}]}},"_links":{"self":[{"href":"https:\/\/www.basketlona.com\/ca\/wp-json\/wp\/v2\/pages\/358","targetHints":{"allow":["GET"]}}],"collection":[{"href":"https:\/\/www.basketlona.com\/ca\/wp-json\/wp\/v2\/pages"}],"about":[{"href":"https:\/\/www.basketlona.com\/ca\/wp-json\/wp\/v2\/types\/page"}],"author":[{"embeddable":true,"href":"https:\/\/www.basketlona.com\/ca\/wp-json\/wp\/v2\/users\/1"}],"replies":[{"embeddable":true,"href":"https:\/\/www.basketlona.com\/ca\/wp-json\/wp\/v2\/comments?post=358"}],"version-history":[{"count":1,"href":"https:\/\/www.basketlona.com\/ca\/wp-json\/wp\/v2\/pages\/358\/revisions"}],"predecessor-version":[{"id":360,"href":"https:\/\/www.basketlona.com\/ca\/wp-json\/wp\/v2\/pages\/358\/revisions\/360"}],"wp:attachment":[{"href":"https:\/\/www.basketlona.com\/ca\/wp-json\/wp\/v2\/media?parent=358"}],"curies":[{"name":"wp","href":"https:\/\/api.w.org\/{rel}","templated":true}]}}